{"id":65,"date":"2024-10-29T16:20:53","date_gmt":"2024-10-29T16:20:53","guid":{"rendered":"https:\/\/taramis.es\/?page_id=65"},"modified":"2025-10-07T15:50:29","modified_gmt":"2025-10-07T15:50:29","slug":"por-que-elegirnos","status":"publish","type":"page","link":"https:\/\/taramis.es\/index.php\/por-que-elegirnos\/","title":{"rendered":"Taramis el teu suport legal"},"content":{"rendered":"\n<p><strong>\u00bfPer qu\u00e9 triar Taramis?<\/strong><\/p>\n\n\n\n<p><strong>Taramis<\/strong> va m\u00e9s enll\u00e0 del concepte tradicional de despatx d&#8217;advocats. Som el teu suport legal en cada repte, un equip comprom\u00e8s amb l&#8217;excel\u00b7l\u00e8ncia, la dedicaci\u00f3 i el servei personalitzat en cada tasca que ens confien.<\/p>\n\n\n\n<p>La nostra formaci\u00f3 cont\u00ednua i les habilitats \u00faniques de cada membre de l&#8217;equip ens permeten brindar una atenci\u00f3 profunda i pr\u00f2xima. Cada client i cada cas reben un enfocament \u00fanic i personalitzat.<\/p>\n\n\n\n<p>Ens defineixen la const\u00e0ncia i la dedicaci\u00f3 absoluta. Sabem que els desafiaments actuals poden ser complexos, i treballem al costat del client per trobar la millor soluci\u00f3 possible. Per a cada problema, <strong>Taramis<\/strong> \u00e9s el teu suport legal amb respostes eficaces i comprom\u00eds total.<\/p>\n\n\n\n<p>La relaci\u00f3 amb els nostres clients \u00e9s fonamental, i ens regim per l&#8217;honestedat i la transpar\u00e8ncia en cada pas.<\/p>\n\n\n\n<p><strong>Qu\u00e8 t&#8217;ofereix&nbsp;Taramis?<\/strong><\/p>\n\n\n\n<p><strong>Confidencialitat absoluta<br><\/strong>La privacitat \u00e9s la nostra prioritat. Cap informaci\u00f3 sobre els casos o clients surt del nostre equip. Tots els aspectes de cada cas es tracten amb la m\u00e0xima discreci\u00f3.<\/p>\n\n\n\n<p><strong>Professionalisme i comprom\u00eds<br><\/strong>El nostre objectiu principal \u00e9s la satisfacci\u00f3 plena de cada client.<br>En&nbsp;Taramis, estem amb tu en cada pas, mantenint un seguiment pr\u00f2xim i constant. Abordem cada cas amb una estrat\u00e8gia detallada i coneixements legals profunds, buscant resultats r\u00e0pids i efectius.<\/p>\n\n\n\n<p><strong>Comunicaci\u00f3 transparent i oportuna<br><\/strong>Informem de cada avan\u00e7 de manera immediata, perqu\u00e8 el client estigui sempre al corrent del seu cas. Sabem que la millor manera d&#8217;obtenir resultats \u00e9s treballant de la m\u00e0 amb cada client, en cada etapa del proc\u00e9s.<\/p>\n\n\n\n<p>La nostra manera de treballar genera: Confian\u00e7a m\u00fatua entre advocat i client.<\/p>\n\n\n\n<p><strong>Agilitat, experi\u00e8ncia i adaptaci\u00f3<br><\/strong>En el m\u00f3n dels negocis, el temps \u00e9s clau, i en&nbsp;Taramis&nbsp;ho sabem b\u00e9. Per aix\u00f2, encara que comptem amb una experi\u00e8ncia consolidada de m\u00e9s de cinc anys, el nostre equip tamb\u00e9 s&#8217;adapta a les necessitats actuals, combinant experi\u00e8ncia amb innovaci\u00f3 i noves tecnologies.<\/p>\n\n\n\n<p><strong>\u00c8xit basat en l&#8217;esfor\u00e7<br><\/strong>Cada cas en&nbsp;Taramis&nbsp;s&#8217;aborda amb dedicaci\u00f3 i enfocament, com si fos el primer.<\/p>\n\n\n\n<p>Creiem que per a aconseguir l&#8217;\u00e8xit, cal treballar amb esfor\u00e7 constant. El talent, l&#8217;estudi i el comprom\u00eds es combinen per a oferir les millors solucions per als nostres clients, perqu\u00e8 entenem que l&#8217;\u00e8xit \u00e9s el resultat de la perseveran\u00e7a.<\/p>\n\n\n\n<p>La transpar\u00e8ncia, la confian\u00e7a, el comprom\u00eds amb el client, l&#8217;efic\u00e0cia i la dedicaci\u00f3 s\u00f3n els pilars que converteixen a&nbsp;Taramis&nbsp;en una refer\u00e8ncia en Dret d&#8217;Empresa.<\/p>\n\n\n\n<p><strong>Taramis, el teu suport legal de la teva empresa.<\/strong><\/p>\n","protected":false},"excerpt":{"rendered":"<p>\u00bfPer qu\u00e9 triar Taramis? Taramis va m\u00e9s enll\u00e0 del concepte tradicional de despatx d&#8217;advocats. Som el teu suport legal en cada repte, un equip comprom\u00e8s amb l&#8217;excel\u00b7l\u00e8ncia, la dedicaci\u00f3 i el servei personalitzat en cada tasca que ens confien. La nostra formaci\u00f3 cont\u00ednua i les habilitats \u00faniques de cada membre de l&#8217;equip ens permeten brindar [&hellip;]<\/p>\n","protected":false},"author":1,"featured_media":0,"parent":0,"menu_order":0,"comment_status":"closed","ping_status":"closed","template":"","meta":{"footnotes":""},"class_list":["post-65","page","type-page","status-publish","hentry"],"yoast_head":"<!-- This site is optimized with the Yoast SEO plugin v26.0 - https:\/\/yoast.com\/wordpress\/plugins\/seo\/ -->\n<title>El teu suport legal - Taramis<\/title>\n<meta name=\"description\" content=\"A Taramis som el teu suport legal de confian\u00e7a. T\u2019oferim assessorament personalitzat i solucions jur\u00eddiques efectives per la teva empresa.\" \/>\n<meta name=\"robots\" content=\"index, follow, max-snippet:-1, max-image-preview:large, max-video-preview:-1\" \/>\n<link rel=\"canonical\" href=\"https:\/\/taramis.es\/index.php\/por-que-elegirnos\/\" \/>\n<meta property=\"og:locale\" content=\"es_ES\" \/>\n<meta property=\"og:type\" content=\"article\" \/>\n<meta property=\"og:title\" content=\"El teu suport legal - Taramis\" \/>\n<meta property=\"og:description\" content=\"A Taramis som el teu suport legal de confian\u00e7a. T\u2019oferim assessorament personalitzat i solucions jur\u00eddiques efectives per la teva empresa.\" \/>\n<meta property=\"og:url\" content=\"https:\/\/taramis.es\/index.php\/por-que-elegirnos\/\" \/>\n<meta property=\"article:modified_time\" content=\"2025-10-07T15:50:29+00:00\" \/>\n<meta name=\"twitter:card\" content=\"summary_large_image\" \/>\n<meta name=\"twitter:label1\" content=\"Tiempo de lectura\" \/>\n\t<meta name=\"twitter:data1\" content=\"2 minutos\" \/>\n<script type=\"application\/ld+json\" class=\"yoast-schema-graph\">{\"@context\":\"https:\/\/schema.org\",\"@graph\":[{\"@type\":\"WebPage\",\"@id\":\"https:\/\/taramis.es\/index.php\/por-que-elegirnos\/\",\"url\":\"https:\/\/taramis.es\/index.php\/por-que-elegirnos\/\",\"name\":\"El teu suport legal - Taramis\",\"isPartOf\":{\"@id\":\"https:\/\/taramis.es\/#website\"},\"datePublished\":\"2024-10-29T16:20:53+00:00\",\"dateModified\":\"2025-10-07T15:50:29+00:00\",\"description\":\"A Taramis som el teu suport legal de confian\u00e7a. T\u2019oferim assessorament personalitzat i solucions jur\u00eddiques efectives per la teva empresa.\",\"breadcrumb\":{\"@id\":\"https:\/\/taramis.es\/index.php\/por-que-elegirnos\/#breadcrumb\"},\"inLanguage\":\"es\",\"potentialAction\":[{\"@type\":\"ReadAction\",\"target\":[\"https:\/\/taramis.es\/index.php\/por-que-elegirnos\/\"]}]},{\"@type\":\"BreadcrumbList\",\"@id\":\"https:\/\/taramis.es\/index.php\/por-que-elegirnos\/#breadcrumb\",\"itemListElement\":[{\"@type\":\"ListItem\",\"position\":1,\"name\":\"Portada\",\"item\":\"https:\/\/taramis.es\/\"},{\"@type\":\"ListItem\",\"position\":2,\"name\":\"Taramis el teu suport legal\"}]},{\"@type\":\"WebSite\",\"@id\":\"https:\/\/taramis.es\/#website\",\"url\":\"https:\/\/taramis.es\/\",\"name\":\"taramis.es\",\"description\":\"Advocats per la teva empresa\",\"publisher\":{\"@id\":\"https:\/\/taramis.es\/#organization\"},\"potentialAction\":[{\"@type\":\"SearchAction\",\"target\":{\"@type\":\"EntryPoint\",\"urlTemplate\":\"https:\/\/taramis.es\/?s={search_term_string}\"},\"query-input\":{\"@type\":\"PropertyValueSpecification\",\"valueRequired\":true,\"valueName\":\"search_term_string\"}}],\"inLanguage\":\"es\"},{\"@type\":\"Organization\",\"@id\":\"https:\/\/taramis.es\/#organization\",\"name\":\"Taramis\",\"url\":\"https:\/\/taramis.es\/\",\"logo\":{\"@type\":\"ImageObject\",\"inLanguage\":\"es\",\"@id\":\"https:\/\/taramis.es\/#\/schema\/logo\/image\/\",\"url\":\"https:\/\/taramis.es\/wp-content\/uploads\/2024\/11\/cropped-TARAMIS-LOGO-1-1.png\",\"contentUrl\":\"https:\/\/taramis.es\/wp-content\/uploads\/2024\/11\/cropped-TARAMIS-LOGO-1-1.png\",\"width\":240,\"height\":160,\"caption\":\"Taramis\"},\"image\":{\"@id\":\"https:\/\/taramis.es\/#\/schema\/logo\/image\/\"}}]}<\/script>\n<!-- \/ Yoast SEO plugin. -->","yoast_head_json":{"title":"El teu suport legal - Taramis","description":"A Taramis som el teu suport legal de confian\u00e7a. T\u2019oferim assessorament personalitzat i solucions jur\u00eddiques efectives per la teva empresa.","robots":{"index":"index","follow":"follow","max-snippet":"max-snippet:-1","max-image-preview":"max-image-preview:large","max-video-preview":"max-video-preview:-1"},"canonical":"https:\/\/taramis.es\/index.php\/por-que-elegirnos\/","og_locale":"es_ES","og_type":"article","og_title":"El teu suport legal - Taramis","og_description":"A Taramis som el teu suport legal de confian\u00e7a. T\u2019oferim assessorament personalitzat i solucions jur\u00eddiques efectives per la teva empresa.","og_url":"https:\/\/taramis.es\/index.php\/por-que-elegirnos\/","article_modified_time":"2025-10-07T15:50:29+00:00","twitter_card":"summary_large_image","twitter_misc":{"Tiempo de lectura":"2 minutos"},"schema":{"@context":"https:\/\/schema.org","@graph":[{"@type":"WebPage","@id":"https:\/\/taramis.es\/index.php\/por-que-elegirnos\/","url":"https:\/\/taramis.es\/index.php\/por-que-elegirnos\/","name":"El teu suport legal - Taramis","isPartOf":{"@id":"https:\/\/taramis.es\/#website"},"datePublished":"2024-10-29T16:20:53+00:00","dateModified":"2025-10-07T15:50:29+00:00","description":"A Taramis som el teu suport legal de confian\u00e7a. T\u2019oferim assessorament personalitzat i solucions jur\u00eddiques efectives per la teva empresa.","breadcrumb":{"@id":"https:\/\/taramis.es\/index.php\/por-que-elegirnos\/#breadcrumb"},"inLanguage":"es","potentialAction":[{"@type":"ReadAction","target":["https:\/\/taramis.es\/index.php\/por-que-elegirnos\/"]}]},{"@type":"BreadcrumbList","@id":"https:\/\/taramis.es\/index.php\/por-que-elegirnos\/#breadcrumb","itemListElement":[{"@type":"ListItem","position":1,"name":"Portada","item":"https:\/\/taramis.es\/"},{"@type":"ListItem","position":2,"name":"Taramis el teu suport legal"}]},{"@type":"WebSite","@id":"https:\/\/taramis.es\/#website","url":"https:\/\/taramis.es\/","name":"taramis.es","description":"Advocats per la teva empresa","publisher":{"@id":"https:\/\/taramis.es\/#organization"},"potentialAction":[{"@type":"SearchAction","target":{"@type":"EntryPoint","urlTemplate":"https:\/\/taramis.es\/?s={search_term_string}"},"query-input":{"@type":"PropertyValueSpecification","valueRequired":true,"valueName":"search_term_string"}}],"inLanguage":"es"},{"@type":"Organization","@id":"https:\/\/taramis.es\/#organization","name":"Taramis","url":"https:\/\/taramis.es\/","logo":{"@type":"ImageObject","inLanguage":"es","@id":"https:\/\/taramis.es\/#\/schema\/logo\/image\/","url":"https:\/\/taramis.es\/wp-content\/uploads\/2024\/11\/cropped-TARAMIS-LOGO-1-1.png","contentUrl":"https:\/\/taramis.es\/wp-content\/uploads\/2024\/11\/cropped-TARAMIS-LOGO-1-1.png","width":240,"height":160,"caption":"Taramis"},"image":{"@id":"https:\/\/taramis.es\/#\/schema\/logo\/image\/"}}]}},"_links":{"self":[{"href":"https:\/\/taramis.es\/index.php\/wp-json\/wp\/v2\/pages\/65","targetHints":{"allow":["GET"]}}],"collection":[{"href":"https:\/\/taramis.es\/index.php\/wp-json\/wp\/v2\/pages"}],"about":[{"href":"https:\/\/taramis.es\/index.php\/wp-json\/wp\/v2\/types\/page"}],"author":[{"embeddable":true,"href":"https:\/\/taramis.es\/index.php\/wp-json\/wp\/v2\/users\/1"}],"replies":[{"embeddable":true,"href":"https:\/\/taramis.es\/index.php\/wp-json\/wp\/v2\/comments?post=65"}],"version-history":[{"count":7,"href":"https:\/\/taramis.es\/index.php\/wp-json\/wp\/v2\/pages\/65\/revisions"}],"predecessor-version":[{"id":185,"href":"https:\/\/taramis.es\/index.php\/wp-json\/wp\/v2\/pages\/65\/revisions\/185"}],"wp:attachment":[{"href":"https:\/\/taramis.es\/index.php\/wp-json\/wp\/v2\/media?parent=65"}],"curies":[{"name":"wp","href":"https:\/\/api.w.org\/{rel}","templated":true}]}}