{"id":43,"date":"2024-10-29T16:05:19","date_gmt":"2024-10-29T16:05:19","guid":{"rendered":"https:\/\/taramis.es\/?page_id=43"},"modified":"2025-10-07T16:01:55","modified_gmt":"2025-10-07T16:01:55","slug":"serveis-juridics","status":"publish","type":"page","link":"https:\/\/taramis.es\/index.php\/serveis-juridics\/","title":{"rendered":"Serveis jur\u00eddics"},"content":{"rendered":"\n<p>Ens especialitzem en oferir solucions i serveis jur\u00eddics per a empreses. En\u00a0Taramis, comptem amb un equip dedicat a cobrir totes les necessitats legals del teu negoci, ja sigui mitjan\u00e7ant assessoria preventiva, orientaci\u00f3 especialitzada o representaci\u00f3 en tribunals.<br><br><\/p>\n\n\n\n<div class=\"wp-block-columns is-layout-flex wp-container-core-columns-is-layout-9d6595d7 wp-block-columns-is-layout-flex\">\n<div class=\"wp-block-column is-layout-flow wp-block-column-is-layout-flow\">\n<h5 class=\"wp-block-heading\">Dret civ\u00edl<\/h5>\n\n\n\n<figure class=\"wp-block-image\"><img loading=\"lazy\" decoding=\"async\" width=\"500\" height=\"500\" src=\"https:\/\/taramis.es\/wp-content\/uploads\/2024\/10\/derecho-civil.png\" alt=\"\" class=\"wp-image-51\" srcset=\"https:\/\/taramis.es\/wp-content\/uploads\/2024\/10\/derecho-civil.png 500w, https:\/\/taramis.es\/wp-content\/uploads\/2024\/10\/derecho-civil-300x300.png 300w, https:\/\/taramis.es\/wp-content\/uploads\/2024\/10\/derecho-civil-150x150.png 150w\" sizes=\"auto, (max-width: 500px) 100vw, 500px\" \/><\/figure>\n\n\n\n<div class=\"wp-block-columns are-vertically-aligned-top is-layout-flex wp-container-core-columns-is-layout-9d6595d7 wp-block-columns-is-layout-flex\">\n<div class=\"wp-block-column is-layout-flow wp-block-column-is-layout-flow\" style=\"flex-basis:80%\">\n<ul class=\"wp-block-list\">\n<li style=\"font-size:18px\">Intermediaci\u00f3 en negociacions i serveis jur\u00eddics<\/li>\n\n\n\n<li style=\"font-size:18px\">Compra i venda d&#8217;empreses<\/li>\n\n\n\n<li style=\"font-size:18px\">Impagats<\/li>\n\n\n\n<li style=\"font-size:18px\">Dret immobiliari<\/li>\n\n\n\n<li style=\"font-size:18px\">Refinan\u00e7ament<\/li>\n\n\n\n<li style=\"font-size:18px\">Altres conflictes civils<\/li>\n<\/ul>\n<\/div>\n<\/div>\n<\/div>\n\n\n\n<div class=\"wp-block-column is-layout-flow wp-block-column-is-layout-flow\">\n<h5 class=\"wp-block-heading\">Dret laboral<\/h5>\n\n\n\n<figure class=\"wp-block-image\"><img loading=\"lazy\" decoding=\"async\" width=\"500\" height=\"500\" src=\"https:\/\/taramis.es\/wp-content\/uploads\/2024\/10\/Derecho-laboral.png\" alt=\"\" class=\"wp-image-82\" srcset=\"https:\/\/taramis.es\/wp-content\/uploads\/2024\/10\/Derecho-laboral.png 500w, https:\/\/taramis.es\/wp-content\/uploads\/2024\/10\/Derecho-laboral-300x300.png 300w, https:\/\/taramis.es\/wp-content\/uploads\/2024\/10\/Derecho-laboral-150x150.png 150w\" sizes=\"auto, (max-width: 500px) 100vw, 500px\" \/><\/figure>\n\n\n\n<div class=\"wp-block-group\"><div class=\"wp-block-group__inner-container is-layout-constrained wp-block-group-is-layout-constrained\">\n<ul class=\"wp-block-list\">\n<li>Conflictes laborals<\/li>\n\n\n\n<li>Rec\u00e0rrec de prestacions<\/li>\n\n\n\n<li>Conflictes derivats d&#8217;accidents de treball<\/li>\n\n\n\n<li>Expedients de regulaci\u00f3 d&#8217;ocupaci\u00f3 (ERE)<\/li>\n\n\n\n<li>Acomiadaments individuals i col\u00b7lectius<\/li>\n\n\n\n<li>Judicis derivats d&#8217;accidents de treball<\/li>\n\n\n\n<li>Inspeccions de treball<\/li>\n\n\n\n<li>Altres conflictes laborals<\/li>\n<\/ul>\n<\/div><\/div>\n<\/div>\n\n\n\n<div class=\"wp-block-column is-layout-flow wp-block-column-is-layout-flow\">\n<h5 class=\"wp-block-heading\">Dret mercantil<\/h5>\n\n\n\n<figure class=\"wp-block-image\"><img loading=\"lazy\" decoding=\"async\" width=\"500\" height=\"500\" src=\"https:\/\/taramis.es\/wp-content\/uploads\/2024\/10\/Derecho-mercantil.png\" alt=\"Derecho mercantil\" class=\"wp-image-63\" srcset=\"https:\/\/taramis.es\/wp-content\/uploads\/2024\/10\/Derecho-mercantil.png 500w, https:\/\/taramis.es\/wp-content\/uploads\/2024\/10\/Derecho-mercantil-300x300.png 300w, https:\/\/taramis.es\/wp-content\/uploads\/2024\/10\/Derecho-mercantil-150x150.png 150w\" sizes=\"auto, (max-width: 500px) 100vw, 500px\" \/><\/figure>\n\n\n\n<ul class=\"wp-block-list\">\n<li>Compra i venda d&#8217;empreses<\/li>\n\n\n\n<li>Concursos de creditors<\/li>\n\n\n\n<li>Reflotaci\u00f3 de negocis<\/li>\n\n\n\n<li>Plet entre socis<\/li>\n\n\n\n<li>Assessorament per a la millora del negoci<\/li>\n\n\n\n<li>Judicis en q\u00fcestions societ\u00e0ries<\/li>\n\n\n\n<li>Intermediaci\u00f3 en la venda de negocis<\/li>\n\n\n\n<li>Responsabilitat dels administradors<\/li>\n\n\n\n<li>Altres conflictes mercantils<\/li>\n<\/ul>\n<\/div>\n\n\n\n<div class=\"wp-block-column is-layout-flow wp-block-column-is-layout-flow\">\n<h5 class=\"wp-block-heading\">Dret penal econ\u00f2mic<\/h5>\n\n\n\n<figure class=\"wp-block-image\"><img loading=\"lazy\" decoding=\"async\" width=\"500\" height=\"500\" src=\"https:\/\/taramis.es\/wp-content\/uploads\/2024\/10\/Derecho-penal-economico.png\" alt=\"\" class=\"wp-image-86\" srcset=\"https:\/\/taramis.es\/wp-content\/uploads\/2024\/10\/Derecho-penal-economico.png 500w, https:\/\/taramis.es\/wp-content\/uploads\/2024\/10\/Derecho-penal-economico-300x300.png 300w, https:\/\/taramis.es\/wp-content\/uploads\/2024\/10\/Derecho-penal-economico-150x150.png 150w\" sizes=\"auto, (max-width: 500px) 100vw, 500px\" \/><\/figure>\n\n\n\n<ul class=\"wp-block-list\">\n<li>Estafes<\/li>\n\n\n\n<li>Contractes criminalitzats<\/li>\n\n\n\n<li>Apropiacions indegudes<\/li>\n\n\n\n<li>Delictes fiscals<\/li>\n\n\n\n<li>Al\u00e7ament de b\u00e9ns<\/li>\n\n\n\n<li>Delictes relacionats amb els drets dels treballadors<\/li>\n\n\n\n<li>Altres delictes<\/li>\n<\/ul>\n<\/div>\n<\/div>\n\n\n\n<p><\/p>\n","protected":false},"excerpt":{"rendered":"<p>Ens especialitzem en oferir solucions i serveis jur\u00eddics per a empreses. En\u00a0Taramis, comptem amb un equip dedicat a cobrir totes les necessitats legals del teu negoci, ja sigui mitjan\u00e7ant assessoria preventiva, orientaci\u00f3 especialitzada o representaci\u00f3 en tribunals. Dret civ\u00edl Dret laboral Dret mercantil Dret penal econ\u00f2mic<\/p>\n","protected":false},"author":1,"featured_media":0,"parent":0,"menu_order":0,"comment_status":"closed","ping_status":"closed","template":"","meta":{"footnotes":""},"class_list":["post-43","page","type-page","status-publish","hentry"],"yoast_head":"<!-- This site is optimized with the Yoast SEO plugin v26.0 - https:\/\/yoast.com\/wordpress\/plugins\/seo\/ -->\n<title>Serveis jur\u00eddics - Taramis<\/title>\n<meta name=\"description\" content=\"Oferim serveis jur\u00eddics per a empreses i particulars. El nostre equip d\u2019advocats proporciona solucions efectives i personalitzades.\" \/>\n<meta name=\"robots\" content=\"index, follow, max-snippet:-1, max-image-preview:large, max-video-preview:-1\" \/>\n<link rel=\"canonical\" href=\"https:\/\/taramis.es\/index.php\/serveis-juridics\/\" \/>\n<meta property=\"og:locale\" content=\"es_ES\" \/>\n<meta property=\"og:type\" content=\"article\" \/>\n<meta property=\"og:title\" content=\"Serveis jur\u00eddics - Taramis\" \/>\n<meta property=\"og:description\" content=\"Oferim serveis jur\u00eddics per a empreses i particulars. El nostre equip d\u2019advocats proporciona solucions efectives i personalitzades.\" \/>\n<meta property=\"og:url\" content=\"https:\/\/taramis.es\/index.php\/serveis-juridics\/\" \/>\n<meta property=\"article:modified_time\" content=\"2025-10-07T16:01:55+00:00\" \/>\n<meta property=\"og:image\" content=\"https:\/\/taramis.es\/wp-content\/uploads\/2024\/10\/derecho-civil.png\" \/>\n\t<meta property=\"og:image:width\" content=\"500\" \/>\n\t<meta property=\"og:image:height\" content=\"500\" \/>\n\t<meta property=\"og:image:type\" content=\"image\/png\" \/>\n<meta name=\"twitter:card\" content=\"summary_large_image\" \/>\n<meta name=\"twitter:label1\" content=\"Tiempo de lectura\" \/>\n\t<meta name=\"twitter:data1\" content=\"2 minutos\" \/>\n<script type=\"application\/ld+json\" class=\"yoast-schema-graph\">{\"@context\":\"https:\/\/schema.org\",\"@graph\":[{\"@type\":\"WebPage\",\"@id\":\"https:\/\/taramis.es\/index.php\/serveis-juridics\/\",\"url\":\"https:\/\/taramis.es\/index.php\/serveis-juridics\/\",\"name\":\"Serveis jur\u00eddics - Taramis\",\"isPartOf\":{\"@id\":\"https:\/\/taramis.es\/#website\"},\"primaryImageOfPage\":{\"@id\":\"https:\/\/taramis.es\/index.php\/serveis-juridics\/#primaryimage\"},\"image\":{\"@id\":\"https:\/\/taramis.es\/index.php\/serveis-juridics\/#primaryimage\"},\"thumbnailUrl\":\"https:\/\/taramis.es\/wp-content\/uploads\/2024\/10\/derecho-civil.png\",\"datePublished\":\"2024-10-29T16:05:19+00:00\",\"dateModified\":\"2025-10-07T16:01:55+00:00\",\"description\":\"Oferim serveis jur\u00eddics per a empreses i particulars. El nostre equip d\u2019advocats proporciona solucions efectives i personalitzades.\",\"breadcrumb\":{\"@id\":\"https:\/\/taramis.es\/index.php\/serveis-juridics\/#breadcrumb\"},\"inLanguage\":\"es\",\"potentialAction\":[{\"@type\":\"ReadAction\",\"target\":[\"https:\/\/taramis.es\/index.php\/serveis-juridics\/\"]}]},{\"@type\":\"ImageObject\",\"inLanguage\":\"es\",\"@id\":\"https:\/\/taramis.es\/index.php\/serveis-juridics\/#primaryimage\",\"url\":\"https:\/\/taramis.es\/wp-content\/uploads\/2024\/10\/derecho-civil.png\",\"contentUrl\":\"https:\/\/taramis.es\/wp-content\/uploads\/2024\/10\/derecho-civil.png\",\"width\":500,\"height\":500},{\"@type\":\"BreadcrumbList\",\"@id\":\"https:\/\/taramis.es\/index.php\/serveis-juridics\/#breadcrumb\",\"itemListElement\":[{\"@type\":\"ListItem\",\"position\":1,\"name\":\"Portada\",\"item\":\"https:\/\/taramis.es\/\"},{\"@type\":\"ListItem\",\"position\":2,\"name\":\"Serveis jur\u00eddics\"}]},{\"@type\":\"WebSite\",\"@id\":\"https:\/\/taramis.es\/#website\",\"url\":\"https:\/\/taramis.es\/\",\"name\":\"taramis.es\",\"description\":\"Advocats per la teva empresa\",\"publisher\":{\"@id\":\"https:\/\/taramis.es\/#organization\"},\"potentialAction\":[{\"@type\":\"SearchAction\",\"target\":{\"@type\":\"EntryPoint\",\"urlTemplate\":\"https:\/\/taramis.es\/?s={search_term_string}\"},\"query-input\":{\"@type\":\"PropertyValueSpecification\",\"valueRequired\":true,\"valueName\":\"search_term_string\"}}],\"inLanguage\":\"es\"},{\"@type\":\"Organization\",\"@id\":\"https:\/\/taramis.es\/#organization\",\"name\":\"Taramis\",\"url\":\"https:\/\/taramis.es\/\",\"logo\":{\"@type\":\"ImageObject\",\"inLanguage\":\"es\",\"@id\":\"https:\/\/taramis.es\/#\/schema\/logo\/image\/\",\"url\":\"https:\/\/taramis.es\/wp-content\/uploads\/2024\/11\/cropped-TARAMIS-LOGO-1-1.png\",\"contentUrl\":\"https:\/\/taramis.es\/wp-content\/uploads\/2024\/11\/cropped-TARAMIS-LOGO-1-1.png\",\"width\":240,\"height\":160,\"caption\":\"Taramis\"},\"image\":{\"@id\":\"https:\/\/taramis.es\/#\/schema\/logo\/image\/\"}}]}<\/script>\n<!-- \/ Yoast SEO plugin. -->","yoast_head_json":{"title":"Serveis jur\u00eddics - Taramis","description":"Oferim serveis jur\u00eddics per a empreses i particulars. El nostre equip d\u2019advocats proporciona solucions efectives i personalitzades.","robots":{"index":"index","follow":"follow","max-snippet":"max-snippet:-1","max-image-preview":"max-image-preview:large","max-video-preview":"max-video-preview:-1"},"canonical":"https:\/\/taramis.es\/index.php\/serveis-juridics\/","og_locale":"es_ES","og_type":"article","og_title":"Serveis jur\u00eddics - Taramis","og_description":"Oferim serveis jur\u00eddics per a empreses i particulars. El nostre equip d\u2019advocats proporciona solucions efectives i personalitzades.","og_url":"https:\/\/taramis.es\/index.php\/serveis-juridics\/","article_modified_time":"2025-10-07T16:01:55+00:00","og_image":[{"width":500,"height":500,"url":"https:\/\/taramis.es\/wp-content\/uploads\/2024\/10\/derecho-civil.png","type":"image\/png"}],"twitter_card":"summary_large_image","twitter_misc":{"Tiempo de lectura":"2 minutos"},"schema":{"@context":"https:\/\/schema.org","@graph":[{"@type":"WebPage","@id":"https:\/\/taramis.es\/index.php\/serveis-juridics\/","url":"https:\/\/taramis.es\/index.php\/serveis-juridics\/","name":"Serveis jur\u00eddics - Taramis","isPartOf":{"@id":"https:\/\/taramis.es\/#website"},"primaryImageOfPage":{"@id":"https:\/\/taramis.es\/index.php\/serveis-juridics\/#primaryimage"},"image":{"@id":"https:\/\/taramis.es\/index.php\/serveis-juridics\/#primaryimage"},"thumbnailUrl":"https:\/\/taramis.es\/wp-content\/uploads\/2024\/10\/derecho-civil.png","datePublished":"2024-10-29T16:05:19+00:00","dateModified":"2025-10-07T16:01:55+00:00","description":"Oferim serveis jur\u00eddics per a empreses i particulars. El nostre equip d\u2019advocats proporciona solucions efectives i personalitzades.","breadcrumb":{"@id":"https:\/\/taramis.es\/index.php\/serveis-juridics\/#breadcrumb"},"inLanguage":"es","potentialAction":[{"@type":"ReadAction","target":["https:\/\/taramis.es\/index.php\/serveis-juridics\/"]}]},{"@type":"ImageObject","inLanguage":"es","@id":"https:\/\/taramis.es\/index.php\/serveis-juridics\/#primaryimage","url":"https:\/\/taramis.es\/wp-content\/uploads\/2024\/10\/derecho-civil.png","contentUrl":"https:\/\/taramis.es\/wp-content\/uploads\/2024\/10\/derecho-civil.png","width":500,"height":500},{"@type":"BreadcrumbList","@id":"https:\/\/taramis.es\/index.php\/serveis-juridics\/#breadcrumb","itemListElement":[{"@type":"ListItem","position":1,"name":"Portada","item":"https:\/\/taramis.es\/"},{"@type":"ListItem","position":2,"name":"Serveis jur\u00eddics"}]},{"@type":"WebSite","@id":"https:\/\/taramis.es\/#website","url":"https:\/\/taramis.es\/","name":"taramis.es","description":"Advocats per la teva empresa","publisher":{"@id":"https:\/\/taramis.es\/#organization"},"potentialAction":[{"@type":"SearchAction","target":{"@type":"EntryPoint","urlTemplate":"https:\/\/taramis.es\/?s={search_term_string}"},"query-input":{"@type":"PropertyValueSpecification","valueRequired":true,"valueName":"search_term_string"}}],"inLanguage":"es"},{"@type":"Organization","@id":"https:\/\/taramis.es\/#organization","name":"Taramis","url":"https:\/\/taramis.es\/","logo":{"@type":"ImageObject","inLanguage":"es","@id":"https:\/\/taramis.es\/#\/schema\/logo\/image\/","url":"https:\/\/taramis.es\/wp-content\/uploads\/2024\/11\/cropped-TARAMIS-LOGO-1-1.png","contentUrl":"https:\/\/taramis.es\/wp-content\/uploads\/2024\/11\/cropped-TARAMIS-LOGO-1-1.png","width":240,"height":160,"caption":"Taramis"},"image":{"@id":"https:\/\/taramis.es\/#\/schema\/logo\/image\/"}}]}},"_links":{"self":[{"href":"https:\/\/taramis.es\/index.php\/wp-json\/wp\/v2\/pages\/43","targetHints":{"allow":["GET"]}}],"collection":[{"href":"https:\/\/taramis.es\/index.php\/wp-json\/wp\/v2\/pages"}],"about":[{"href":"https:\/\/taramis.es\/index.php\/wp-json\/wp\/v2\/types\/page"}],"author":[{"embeddable":true,"href":"https:\/\/taramis.es\/index.php\/wp-json\/wp\/v2\/users\/1"}],"replies":[{"embeddable":true,"href":"https:\/\/taramis.es\/index.php\/wp-json\/wp\/v2\/comments?post=43"}],"version-history":[{"count":21,"href":"https:\/\/taramis.es\/index.php\/wp-json\/wp\/v2\/pages\/43\/revisions"}],"predecessor-version":[{"id":189,"href":"https:\/\/taramis.es\/index.php\/wp-json\/wp\/v2\/pages\/43\/revisions\/189"}],"wp:attachment":[{"href":"https:\/\/taramis.es\/index.php\/wp-json\/wp\/v2\/media?parent=43"}],"curies":[{"name":"wp","href":"https:\/\/api.w.org\/{rel}","templated":true}]}}