{"id":11,"date":"2024-10-22T18:15:43","date_gmt":"2024-10-22T18:15:43","guid":{"rendered":"https:\/\/taramis.es\/?page_id=11"},"modified":"2025-10-07T15:24:25","modified_gmt":"2025-10-07T15:24:25","slug":"inici","status":"publish","type":"page","link":"https:\/\/taramis.es\/","title":{"rendered":"Inici"},"content":{"rendered":"\n<p class=\"has-black-color has-text-color has-link-color has-large-font-size wp-elements-4d3db5011a70c3319abc18300d75d3aa\"><strong>Assessoria jur\u00eddica per empreses<\/strong><\/p>\n\n\n\n<p class=\"has-text-align-center\">A Taramis som una assessoria jur\u00eddica per empreses que combina experi\u00e8ncia, professionalitat i proximitat. Entenem les necessitats legals del m\u00f3n empresarial i oferim solucions adaptades a cada client, amb un enfocament resolutiu i multidisciplinari. El nostre objectiu \u00e9s protegir i impulsar el teu negoci amb confian\u00e7a, transpar\u00e8ncia i comprom\u00eds.<\/p>\n\n\n\n<div class=\"wp-block-columns is-layout-flex wp-container-core-columns-is-layout-9d6595d7 wp-block-columns-is-layout-flex\">\n<div class=\"wp-block-column is-layout-flow wp-block-column-is-layout-flow\">\n<figure class=\"wp-block-image size-full\"><img loading=\"lazy\" decoding=\"async\" width=\"500\" height=\"375\" src=\"https:\/\/taramis.es\/wp-content\/uploads\/2024\/10\/Pagina-principal-1-edited.png\" alt=\"\" class=\"wp-image-74\" srcset=\"https:\/\/taramis.es\/wp-content\/uploads\/2024\/10\/Pagina-principal-1-edited.png 500w, https:\/\/taramis.es\/wp-content\/uploads\/2024\/10\/Pagina-principal-1-edited-300x225.png 300w\" sizes=\"auto, (max-width: 500px) 100vw, 500px\" \/><\/figure>\n\n\n\n<p><strong>Advocats especialitzats en dret empresarial<\/strong><\/p>\n\n\n\n<p>A <strong>Taramis<\/strong>, entenem que les empreses necessiten una atenci\u00f3 jur\u00eddica especialitzada, tal com la dedicaci\u00f3 que cada empresari posa en el seu negoci. El nostre equip d&#8217;advocats treballa sota els principis de professionalitat, transpar\u00e8ncia i efic\u00e0cia, buscant sempre les millors solucions per als nostres clients.<\/p>\n\n\n\n<p><\/p>\n\n\n\n<p>Assessorem i defensem en \u00e0rees clau com el dret civil, mercantil, laboral, penal econ\u00f2mic i administratiu, protegint els interessos de les empreses i particulars amb un enfocament resolutiu i multidisciplinari.<\/p>\n<\/div>\n\n\n\n<div class=\"wp-block-column is-layout-flow wp-block-column-is-layout-flow\">\n<figure class=\"wp-block-image size-full\"><img loading=\"lazy\" decoding=\"async\" width=\"500\" height=\"375\" src=\"https:\/\/taramis.es\/wp-content\/uploads\/2024\/10\/Pagina-principal-2-edited.png\" alt=\"\" class=\"wp-image-78\" srcset=\"https:\/\/taramis.es\/wp-content\/uploads\/2024\/10\/Pagina-principal-2-edited.png 500w, https:\/\/taramis.es\/wp-content\/uploads\/2024\/10\/Pagina-principal-2-edited-300x225.png 300w\" sizes=\"auto, (max-width: 500px) 100vw, 500px\" \/><\/figure>\n\n\n\n<p><strong>Solucions jur\u00eddiques integrals per a la teva empresa<\/strong><\/p>\n\n\n\n<p>Gr\u00e0cies a la nostra visi\u00f3 \u00e0mplia i col\u00b7laborativa, la nostra assessoria jur\u00eddica per empreses ofereix estrat\u00e8gies que aprofiten l\u2019experi\u00e8ncia diversa dels nostres advocats, proporcionant respostes globals i efectives a qualsevol problema jur\u00eddic que afecti el teu negoci.<\/p>\n\n\n\n<p><strong>Confian\u00e7a, professionalisme i dedicaci\u00f3<\/strong><\/p>\n\n\n\n<p>El nostre comprom\u00eds \u00e9s assegurar que el client rebi un servei impecable, amb una atenci\u00f3 personalitzada i propera que inspiri confian\u00e7a en cada etapa del proc\u00e9s legal.<\/p>\n<\/div>\n<\/div>\n\n\n<div class=\"wp-block-image\">\n<figure class=\"aligncenter size-large is-resized\"><img loading=\"lazy\" decoding=\"async\" width=\"1024\" height=\"1024\" src=\"https:\/\/taramis.es\/wp-content\/uploads\/2024\/05\/logotipo-tipografico-moderno-minimalista-para-marca-personal-colores-neutros-gris-blanco-beige-salmon-6-1024x1024.png\" alt=\"\" class=\"wp-image-12\" style=\"width:582px;height:auto\" srcset=\"https:\/\/taramis.es\/wp-content\/uploads\/2024\/05\/logotipo-tipografico-moderno-minimalista-para-marca-personal-colores-neutros-gris-blanco-beige-salmon-6-1024x1024.png 1024w, https:\/\/taramis.es\/wp-content\/uploads\/2024\/05\/logotipo-tipografico-moderno-minimalista-para-marca-personal-colores-neutros-gris-blanco-beige-salmon-6-300x300.png 300w, https:\/\/taramis.es\/wp-content\/uploads\/2024\/05\/logotipo-tipografico-moderno-minimalista-para-marca-personal-colores-neutros-gris-blanco-beige-salmon-6-150x150.png 150w, https:\/\/taramis.es\/wp-content\/uploads\/2024\/05\/logotipo-tipografico-moderno-minimalista-para-marca-personal-colores-neutros-gris-blanco-beige-salmon-6-768x768.png 768w, https:\/\/taramis.es\/wp-content\/uploads\/2024\/05\/logotipo-tipografico-moderno-minimalista-para-marca-personal-colores-neutros-gris-blanco-beige-salmon-6.png 1250w\" sizes=\"auto, (max-width: 1024px) 100vw, 1024px\" \/><\/figure>\n<\/div>","protected":false},"excerpt":{"rendered":"<p>Assessoria jur\u00eddica per empreses A Taramis som una assessoria jur\u00eddica per empreses que combina experi\u00e8ncia, professionalitat i proximitat. Entenem les necessitats legals del m\u00f3n empresarial i oferim solucions adaptades a cada client, amb un enfocament resolutiu i multidisciplinari. El nostre objectiu \u00e9s protegir i impulsar el teu negoci amb confian\u00e7a, transpar\u00e8ncia i comprom\u00eds. Advocats especialitzats [&hellip;]<\/p>\n","protected":false},"author":1,"featured_media":0,"parent":0,"menu_order":0,"comment_status":"closed","ping_status":"closed","template":"","meta":{"footnotes":""},"class_list":["post-11","page","type-page","status-publish","hentry"],"yoast_head":"<!-- This site is optimized with the Yoast SEO plugin v26.0 - https:\/\/yoast.com\/wordpress\/plugins\/seo\/ -->\n<title>Inici - Taramis Assessoria jur\u00eddica per empreses<\/title>\n<meta name=\"description\" content=\"Oferim assessoria jur\u00eddica per empreses i advocats especialitzats en dret empresarial. Solucions jur\u00eddiques per empreses.\" \/>\n<meta name=\"robots\" content=\"index, follow, max-snippet:-1, max-image-preview:large, max-video-preview:-1\" \/>\n<link rel=\"canonical\" href=\"https:\/\/taramis.es\/\" \/>\n<meta property=\"og:locale\" content=\"es_ES\" \/>\n<meta property=\"og:type\" content=\"article\" \/>\n<meta property=\"og:title\" content=\"Inici - Taramis Assessoria jur\u00eddica per empreses\" \/>\n<meta property=\"og:description\" content=\"Oferim assessoria jur\u00eddica per empreses i advocats especialitzats en dret empresarial. Solucions jur\u00eddiques per empreses.\" \/>\n<meta property=\"og:url\" content=\"https:\/\/taramis.es\/\" \/>\n<meta property=\"article:modified_time\" content=\"2025-10-07T15:24:25+00:00\" \/>\n<meta property=\"og:image\" content=\"https:\/\/taramis.es\/wp-content\/uploads\/2024\/10\/Pagina-principal-1-edited.png\" \/>\n\t<meta property=\"og:image:width\" content=\"500\" \/>\n\t<meta property=\"og:image:height\" content=\"375\" \/>\n\t<meta property=\"og:image:type\" content=\"image\/png\" \/>\n<meta name=\"twitter:card\" content=\"summary_large_image\" \/>\n<meta name=\"twitter:label1\" content=\"Tiempo de lectura\" \/>\n\t<meta name=\"twitter:data1\" content=\"2 minutos\" \/>\n<script type=\"application\/ld+json\" class=\"yoast-schema-graph\">{\"@context\":\"https:\/\/schema.org\",\"@graph\":[{\"@type\":\"WebPage\",\"@id\":\"https:\/\/taramis.es\/\",\"url\":\"https:\/\/taramis.es\/\",\"name\":\"Inici - Taramis Assessoria jur\u00eddica per empreses\",\"isPartOf\":{\"@id\":\"https:\/\/taramis.es\/#website\"},\"primaryImageOfPage\":{\"@id\":\"https:\/\/taramis.es\/#primaryimage\"},\"image\":{\"@id\":\"https:\/\/taramis.es\/#primaryimage\"},\"thumbnailUrl\":\"https:\/\/taramis.es\/wp-content\/uploads\/2024\/10\/Pagina-principal-1-edited.png\",\"datePublished\":\"2024-10-22T18:15:43+00:00\",\"dateModified\":\"2025-10-07T15:24:25+00:00\",\"description\":\"Oferim assessoria jur\u00eddica per empreses i advocats especialitzats en dret empresarial. Solucions jur\u00eddiques per empreses.\",\"breadcrumb\":{\"@id\":\"https:\/\/taramis.es\/#breadcrumb\"},\"inLanguage\":\"es\",\"potentialAction\":[{\"@type\":\"ReadAction\",\"target\":[\"https:\/\/taramis.es\/\"]}]},{\"@type\":\"ImageObject\",\"inLanguage\":\"es\",\"@id\":\"https:\/\/taramis.es\/#primaryimage\",\"url\":\"https:\/\/taramis.es\/wp-content\/uploads\/2024\/10\/Pagina-principal-1-edited.png\",\"contentUrl\":\"https:\/\/taramis.es\/wp-content\/uploads\/2024\/10\/Pagina-principal-1-edited.png\",\"width\":500,\"height\":375,\"caption\":\"Assessor y cliente estrech\u00e1ndose la mano\"},{\"@type\":\"BreadcrumbList\",\"@id\":\"https:\/\/taramis.es\/#breadcrumb\",\"itemListElement\":[{\"@type\":\"ListItem\",\"position\":1,\"name\":\"Portada\",\"item\":\"https:\/\/taramis.es\/\"},{\"@type\":\"ListItem\",\"position\":2,\"name\":\"Inici\"}]},{\"@type\":\"WebSite\",\"@id\":\"https:\/\/taramis.es\/#website\",\"url\":\"https:\/\/taramis.es\/\",\"name\":\"taramis.es\",\"description\":\"Advocats per la teva empresa\",\"publisher\":{\"@id\":\"https:\/\/taramis.es\/#organization\"},\"potentialAction\":[{\"@type\":\"SearchAction\",\"target\":{\"@type\":\"EntryPoint\",\"urlTemplate\":\"https:\/\/taramis.es\/?s={search_term_string}\"},\"query-input\":{\"@type\":\"PropertyValueSpecification\",\"valueRequired\":true,\"valueName\":\"search_term_string\"}}],\"inLanguage\":\"es\"},{\"@type\":\"Organization\",\"@id\":\"https:\/\/taramis.es\/#organization\",\"name\":\"Taramis\",\"url\":\"https:\/\/taramis.es\/\",\"logo\":{\"@type\":\"ImageObject\",\"inLanguage\":\"es\",\"@id\":\"https:\/\/taramis.es\/#\/schema\/logo\/image\/\",\"url\":\"https:\/\/taramis.es\/wp-content\/uploads\/2024\/11\/cropped-TARAMIS-LOGO-1-1.png\",\"contentUrl\":\"https:\/\/taramis.es\/wp-content\/uploads\/2024\/11\/cropped-TARAMIS-LOGO-1-1.png\",\"width\":240,\"height\":160,\"caption\":\"Taramis\"},\"image\":{\"@id\":\"https:\/\/taramis.es\/#\/schema\/logo\/image\/\"}}]}<\/script>\n<!-- \/ Yoast SEO plugin. -->","yoast_head_json":{"title":"Inici - Taramis Assessoria jur\u00eddica per empreses","description":"Oferim assessoria jur\u00eddica per empreses i advocats especialitzats en dret empresarial. Solucions jur\u00eddiques per empreses.","robots":{"index":"index","follow":"follow","max-snippet":"max-snippet:-1","max-image-preview":"max-image-preview:large","max-video-preview":"max-video-preview:-1"},"canonical":"https:\/\/taramis.es\/","og_locale":"es_ES","og_type":"article","og_title":"Inici - Taramis Assessoria jur\u00eddica per empreses","og_description":"Oferim assessoria jur\u00eddica per empreses i advocats especialitzats en dret empresarial. Solucions jur\u00eddiques per empreses.","og_url":"https:\/\/taramis.es\/","article_modified_time":"2025-10-07T15:24:25+00:00","og_image":[{"width":500,"height":375,"url":"https:\/\/taramis.es\/wp-content\/uploads\/2024\/10\/Pagina-principal-1-edited.png","type":"image\/png"}],"twitter_card":"summary_large_image","twitter_misc":{"Tiempo de lectura":"2 minutos"},"schema":{"@context":"https:\/\/schema.org","@graph":[{"@type":"WebPage","@id":"https:\/\/taramis.es\/","url":"https:\/\/taramis.es\/","name":"Inici - Taramis Assessoria jur\u00eddica per empreses","isPartOf":{"@id":"https:\/\/taramis.es\/#website"},"primaryImageOfPage":{"@id":"https:\/\/taramis.es\/#primaryimage"},"image":{"@id":"https:\/\/taramis.es\/#primaryimage"},"thumbnailUrl":"https:\/\/taramis.es\/wp-content\/uploads\/2024\/10\/Pagina-principal-1-edited.png","datePublished":"2024-10-22T18:15:43+00:00","dateModified":"2025-10-07T15:24:25+00:00","description":"Oferim assessoria jur\u00eddica per empreses i advocats especialitzats en dret empresarial. Solucions jur\u00eddiques per empreses.","breadcrumb":{"@id":"https:\/\/taramis.es\/#breadcrumb"},"inLanguage":"es","potentialAction":[{"@type":"ReadAction","target":["https:\/\/taramis.es\/"]}]},{"@type":"ImageObject","inLanguage":"es","@id":"https:\/\/taramis.es\/#primaryimage","url":"https:\/\/taramis.es\/wp-content\/uploads\/2024\/10\/Pagina-principal-1-edited.png","contentUrl":"https:\/\/taramis.es\/wp-content\/uploads\/2024\/10\/Pagina-principal-1-edited.png","width":500,"height":375,"caption":"Assessor y cliente estrech\u00e1ndose la mano"},{"@type":"BreadcrumbList","@id":"https:\/\/taramis.es\/#breadcrumb","itemListElement":[{"@type":"ListItem","position":1,"name":"Portada","item":"https:\/\/taramis.es\/"},{"@type":"ListItem","position":2,"name":"Inici"}]},{"@type":"WebSite","@id":"https:\/\/taramis.es\/#website","url":"https:\/\/taramis.es\/","name":"taramis.es","description":"Advocats per la teva empresa","publisher":{"@id":"https:\/\/taramis.es\/#organization"},"potentialAction":[{"@type":"SearchAction","target":{"@type":"EntryPoint","urlTemplate":"https:\/\/taramis.es\/?s={search_term_string}"},"query-input":{"@type":"PropertyValueSpecification","valueRequired":true,"valueName":"search_term_string"}}],"inLanguage":"es"},{"@type":"Organization","@id":"https:\/\/taramis.es\/#organization","name":"Taramis","url":"https:\/\/taramis.es\/","logo":{"@type":"ImageObject","inLanguage":"es","@id":"https:\/\/taramis.es\/#\/schema\/logo\/image\/","url":"https:\/\/taramis.es\/wp-content\/uploads\/2024\/11\/cropped-TARAMIS-LOGO-1-1.png","contentUrl":"https:\/\/taramis.es\/wp-content\/uploads\/2024\/11\/cropped-TARAMIS-LOGO-1-1.png","width":240,"height":160,"caption":"Taramis"},"image":{"@id":"https:\/\/taramis.es\/#\/schema\/logo\/image\/"}}]}},"_links":{"self":[{"href":"https:\/\/taramis.es\/index.php\/wp-json\/wp\/v2\/pages\/11","targetHints":{"allow":["GET"]}}],"collection":[{"href":"https:\/\/taramis.es\/index.php\/wp-json\/wp\/v2\/pages"}],"about":[{"href":"https:\/\/taramis.es\/index.php\/wp-json\/wp\/v2\/types\/page"}],"author":[{"embeddable":true,"href":"https:\/\/taramis.es\/index.php\/wp-json\/wp\/v2\/users\/1"}],"replies":[{"embeddable":true,"href":"https:\/\/taramis.es\/index.php\/wp-json\/wp\/v2\/comments?post=11"}],"version-history":[{"count":19,"href":"https:\/\/taramis.es\/index.php\/wp-json\/wp\/v2\/pages\/11\/revisions"}],"predecessor-version":[{"id":167,"href":"https:\/\/taramis.es\/index.php\/wp-json\/wp\/v2\/pages\/11\/revisions\/167"}],"wp:attachment":[{"href":"https:\/\/taramis.es\/index.php\/wp-json\/wp\/v2\/media?parent=11"}],"curies":[{"name":"wp","href":"https:\/\/api.w.org\/{rel}","templated":true}]}}